{"id":653,"date":"2025-08-04T06:52:03","date_gmt":"2025-08-04T06:52:03","guid":{"rendered":"https:\/\/sezinsezginozer.com\/?page_id=653"},"modified":"2025-08-22T12:36:51","modified_gmt":"2025-08-22T12:36:51","slug":"video","status":"publish","type":"page","link":"https:\/\/sezinsezginozer.com\/de\/video\/","title":{"rendered":"Video"},"content":{"rendered":"\n\t<section class=\"section\" id=\"section_1184509207\">\n\t\t<div class=\"section-bg fill\" >\n\t\t\t\t\t\t\t\t\t\n\t\t\t\n\n\t\t<\/div>\n\n\t\t\n\n\t\t<div class=\"section-content relative\">\n\t\t\t\n  <div id=\"page-header-1180051302\" class=\"page-header-wrapper\">\n  <div class=\"page-title dark simple-title\">\n\n    \n    <div class=\"page-title-inner container align-center text-center flex-row-col medium-flex-wrap\" >\n              <div class=\"title-wrapper is-larger flex-col\">\n          <h1 class=\"entry-title mb-0\">\n            Video          <\/h1>\n        <\/div>\n                    <div class=\"title-content flex-col\">\n        <div class=\"title-breadcrumbs pb-half pt-half\"><\/div>      <\/div>\n    <\/div>\n\n       <\/div>\n    <\/div>\n  \n\t\t<\/div>\n\n\t\t\n<style>\n#section_1184509207 {\n  padding-top: 30px;\n  padding-bottom: 30px;\n  background-color: #8a3648;\n}\n<\/style>\n\t<\/section>\n\t\n\n\t<section class=\"section\" id=\"section_337384925\">\n\t\t<div class=\"section-bg fill\" >\n\t\t\t\t\t\t\t\t\t\n\t\t\t\n\n\t\t<\/div>\n\n\t\t\n\n\t\t<div class=\"section-content relative\">\n\t\t\t\n<div class=\"row\"  id=\"row-942445709\">\n\n\t<div id=\"col-728953278\" class=\"col medium-3 small-6 large-3\"  >\n\t\t\t\t<div class=\"col-inner\"  >\n\t\t\t\n\t\t\t\n<div class=\"video video-fit mb\" style=\"padding-top:170%;\"><p><iframe loading=\"lazy\" title=\"Di\u015f f\u0131r\u00e7alama al\u0131\u015fkanl\u0131\u011f\u0131 ne zaman kazand\u0131r\u0131lmal\u0131?|Samsun Dental Prime Di\u015f Klini\u011fi #\u00e7ocukdi\u015fhekimi\" width=\"563\" height=\"1000\" src=\"https:\/\/www.youtube.com\/embed\/7O6m07TGJhY?feature=oembed\" frameborder=\"0\" allow=\"accelerometer; autoplay; clipboard-write; encrypted-media; gyroscope; picture-in-picture; web-share\" referrerpolicy=\"strict-origin-when-cross-origin\" allowfullscreen><\/iframe><\/p>\n<\/div>\n\t\t<\/div>\n\t\t\t\t\t<\/div>\n\n\t\n\n\t<div id=\"col-1981147920\" class=\"col medium-3 small-6 large-3\"  >\n\t\t\t\t<div class=\"col-inner\"  >\n\t\t\t\n\t\t\t\n<div class=\"video video-fit mb\" style=\"padding-top:170%;\"><p><iframe loading=\"lazy\" title=\"\u00c7ocu\u011fumun Di\u015fleri D\u00fczg\u00fcn G\u00f6r\u00fcn\u00fcyor, Yine de Muayeneye Gitmeli Mi?  | Samsun Dental Prime Di\u015f Klini\u011fi\" width=\"563\" height=\"1000\" src=\"https:\/\/www.youtube.com\/embed\/SMl5lDqcSbI?feature=oembed\" frameborder=\"0\" allow=\"accelerometer; autoplay; clipboard-write; encrypted-media; gyroscope; picture-in-picture; web-share\" referrerpolicy=\"strict-origin-when-cross-origin\" allowfullscreen><\/iframe><\/p>\n<\/div>\n\t\t<\/div>\n\t\t\t\t\t<\/div>\n\n\t\n\n\t<div id=\"col-2024349768\" class=\"col medium-3 small-6 large-3\"  >\n\t\t\t\t<div class=\"col-inner\"  >\n\t\t\t\n\t\t\t\n<div class=\"video video-fit mb\" style=\"padding-top:170%;\"><p><iframe loading=\"lazy\" title=\"\u00c7ocuklarda Gece Beslenmesi Di\u015f \u00c7\u00fcr\u00fc\u011f\u00fcne Neden Olur mu? |Samsun Dental Prime Di\u015f Klini\u011fi #di\u015fklini\u011fi\" width=\"563\" height=\"1000\" src=\"https:\/\/www.youtube.com\/embed\/sBS6FSwvBdE?feature=oembed\" frameborder=\"0\" allow=\"accelerometer; autoplay; clipboard-write; encrypted-media; gyroscope; picture-in-picture; web-share\" referrerpolicy=\"strict-origin-when-cross-origin\" allowfullscreen><\/iframe><\/p>\n<\/div>\n\t\t<\/div>\n\t\t\t\t\t<\/div>\n\n\t\n\n\t<div id=\"col-863539916\" class=\"col medium-3 small-6 large-3\"  >\n\t\t\t\t<div class=\"col-inner\"  >\n\t\t\t\n\t\t\t\n<div class=\"video video-fit mb\" style=\"padding-top:170%;\"><p><iframe loading=\"lazy\" title=\"Su\u0308t Dis\u0327leri C\u0327u\u0308ru\u0308rse Tedavi Gerekir Mi? | Samsun Dental Prime Di\u015f Klini\u011fi #\u00e7ocukdi\u015fhekimi\" width=\"563\" height=\"1000\" src=\"https:\/\/www.youtube.com\/embed\/nQ_7JYZPMis?feature=oembed\" frameborder=\"0\" allow=\"accelerometer; autoplay; clipboard-write; encrypted-media; gyroscope; picture-in-picture; web-share\" referrerpolicy=\"strict-origin-when-cross-origin\" allowfullscreen><\/iframe><\/p>\n<\/div>\n\t\t<\/div>\n\t\t\t\t\t<\/div>\n\n\t\n\n\t<div id=\"col-874412316\" class=\"col medium-3 small-6 large-3\"  >\n\t\t\t\t<div class=\"col-inner\"  >\n\t\t\t\n\t\t\t\n<div class=\"video video-fit mb\" style=\"padding-top:170%;\"><p><iframe loading=\"lazy\" title=\"Pediatric Dentist in Samsun, Turkey | Samsun Dental Prime Dental Clinic\" width=\"563\" height=\"1000\" src=\"https:\/\/www.youtube.com\/embed\/EcZVwBvWrKY?feature=oembed\" frameborder=\"0\" allow=\"accelerometer; autoplay; clipboard-write; encrypted-media; gyroscope; picture-in-picture; web-share\" referrerpolicy=\"strict-origin-when-cross-origin\" allowfullscreen><\/iframe><\/p>\n<\/div>\n\t\t<\/div>\n\t\t\t\t\t<\/div>\n\n\t\n\n\t<div id=\"col-1769561440\" class=\"col medium-3 small-6 large-3\"  >\n\t\t\t\t<div class=\"col-inner\"  >\n\t\t\t\n\t\t\t\n<div class=\"video video-fit mb\" style=\"padding-top:170%;\"><p><iframe loading=\"lazy\" title=\"\ud83e\uddb7\ud83e\uddd2\ud83c\udffb \u00c7ocuklarda Di\u015f \u00c7\u00fcr\u00fc\u011f\u00fc Neden Olur? | Samsun Dental Prime Di\u015f Klini\u011fi #\u00e7ocukdi\u015fhekimi #di\u015fklini\u011fi\" width=\"563\" height=\"1000\" src=\"https:\/\/www.youtube.com\/embed\/0oinvYC14rQ?feature=oembed\" frameborder=\"0\" allow=\"accelerometer; autoplay; clipboard-write; encrypted-media; gyroscope; picture-in-picture; web-share\" referrerpolicy=\"strict-origin-when-cross-origin\" allowfullscreen><\/iframe><\/p>\n<\/div>\n\t\t<\/div>\n\t\t\t\t\t<\/div>\n\n\t\n\n\t<div id=\"col-652671794\" class=\"col medium-3 small-6 large-3\"  >\n\t\t\t\t<div class=\"col-inner\"  >\n\t\t\t\n\t\t\t\n<div class=\"video video-fit mb\" style=\"padding-top:170%;\"><p><iframe loading=\"lazy\" title=\"Banyoda di\u015f f\u0131r\u00e7as\u0131 nas\u0131l saklanmal\u0131?|Samsun Dental Prime Di\u015f Klini\u011fi #samsundi\u015fklini\u011fi #di\u015fsa\u011fl\u0131\u011f\u0131\" width=\"563\" height=\"1000\" src=\"https:\/\/www.youtube.com\/embed\/c1XNiNMY3SU?feature=oembed\" frameborder=\"0\" allow=\"accelerometer; autoplay; clipboard-write; encrypted-media; gyroscope; picture-in-picture; web-share\" referrerpolicy=\"strict-origin-when-cross-origin\" allowfullscreen><\/iframe><\/p>\n<\/div>\n\t\t<\/div>\n\t\t\t\t\t<\/div>\n\n\t\n\n\t<div id=\"col-883241519\" class=\"col medium-3 small-6 large-3\"  >\n\t\t\t\t<div class=\"col-inner\"  >\n\t\t\t\n\t\t\t\n<div class=\"video video-fit mb\" style=\"padding-top:170%;\"><p><iframe loading=\"lazy\" title=\"\ud83e\uddb7\ud83e\udea5 \u00c7ocuklarda flor\u00fcrl\u00fc di\u015f macunlar\u0131 zararl\u0131 m\u0131d\u0131r?|Samsun Dental Prime Di\u015f Klini\u011fi #\u00e7ocukdi\u015fhekimi\" width=\"563\" height=\"1000\" src=\"https:\/\/www.youtube.com\/embed\/itFaurZL3tY?feature=oembed\" frameborder=\"0\" allow=\"accelerometer; autoplay; clipboard-write; encrypted-media; gyroscope; picture-in-picture; web-share\" referrerpolicy=\"strict-origin-when-cross-origin\" allowfullscreen><\/iframe><\/p>\n<\/div>\n\t\t<\/div>\n\t\t\t\t\t<\/div>\n\n\t\n\n\t<div id=\"col-1917389071\" class=\"col medium-3 small-6 large-3\"  >\n\t\t\t\t<div class=\"col-inner\"  >\n\t\t\t\n\t\t\t\n<div class=\"video video-fit mb\" style=\"padding-top:170%;\"><p><iframe loading=\"lazy\" title=\"\u00c7ocuk Di\u015f Tedavisinde Hangi T\u00fcr Sedasyonlar Kullan\u0131l\u0131r? | Samsun Dental Prime Di\u015f Klini\u011fi\" width=\"563\" height=\"1000\" src=\"https:\/\/www.youtube.com\/embed\/6irAkD9_3xs?feature=oembed\" frameborder=\"0\" allow=\"accelerometer; autoplay; clipboard-write; encrypted-media; gyroscope; picture-in-picture; web-share\" referrerpolicy=\"strict-origin-when-cross-origin\" allowfullscreen><\/iframe><\/p>\n<\/div>\n\t\t<\/div>\n\t\t\t\t\t<\/div>\n\n\t\n\n\t<div id=\"col-205100798\" class=\"col medium-3 small-6 large-3\"  >\n\t\t\t\t<div class=\"col-inner\"  >\n\t\t\t\n\t\t\t\n<div class=\"video video-fit mb\" style=\"padding-top:170%;\"><p><iframe loading=\"lazy\" title=\"\u00c7ocu\u011fumun di\u015fi k\u0131r\u0131ld\u0131 ne yapmal\u0131y\u0131m? | Samsun Dental Prime Di\u015f Klini\u011fi #\u00e7ocukdi\u015fhekimi #di\u015fklini\u011fi\" width=\"563\" height=\"1000\" src=\"https:\/\/www.youtube.com\/embed\/jQS3_IVrCsg?feature=oembed\" frameborder=\"0\" allow=\"accelerometer; autoplay; clipboard-write; encrypted-media; gyroscope; picture-in-picture; web-share\" referrerpolicy=\"strict-origin-when-cross-origin\" allowfullscreen><\/iframe><\/p>\n<\/div>\n\t\t<\/div>\n\t\t\t\t\t<\/div>\n\n\t\n\n\t<div id=\"col-215653463\" class=\"col medium-3 small-6 large-3\"  >\n\t\t\t\t<div class=\"col-inner\"  >\n\t\t\t\n\t\t\t\n<div class=\"video video-fit mb\" style=\"padding-top:170%;\"><p><iframe loading=\"lazy\" title=\"\u00c7ocuklarda Di\u015f \u00c7\u00fcr\u00fcklerini Tamamen \u00d6nlemek M\u00fcmk\u00fcn M\u00fcd\u00fcr? | Samsun Dental Prime Di\u015f Klini\u011fi\" width=\"563\" height=\"1000\" src=\"https:\/\/www.youtube.com\/embed\/wxGM1P4M0sI?feature=oembed\" frameborder=\"0\" allow=\"accelerometer; autoplay; clipboard-write; encrypted-media; gyroscope; picture-in-picture; web-share\" referrerpolicy=\"strict-origin-when-cross-origin\" allowfullscreen><\/iframe><\/p>\n<\/div>\n\t\t<\/div>\n\t\t\t\t\t<\/div>\n\n\t\n\n\t<div id=\"col-168696065\" class=\"col medium-3 small-6 large-3\"  >\n\t\t\t\t<div class=\"col-inner\"  >\n\t\t\t\n\t\t\t\n<div class=\"video video-fit mb\" style=\"padding-top:170%;\"><p><iframe loading=\"lazy\" title=\"\u00c7ocuklarda A\u011fr\u0131madan A\u011f\u0131zda Kalabilen \u00c7\u00fcr\u00fck Di\u015fler Olabilir Mi? | Samsun Dental Prime Di\u015f Klini\u011fi\" width=\"563\" height=\"1000\" src=\"https:\/\/www.youtube.com\/embed\/HNWupZgjdhc?feature=oembed\" frameborder=\"0\" allow=\"accelerometer; autoplay; clipboard-write; encrypted-media; gyroscope; picture-in-picture; web-share\" referrerpolicy=\"strict-origin-when-cross-origin\" allowfullscreen><\/iframe><\/p>\n<\/div>\n\t\t<\/div>\n\t\t\t\t\t<\/div>\n\n\t\n<\/div>\n\t\t<\/div>\n\n\t\t\n<style>\n#section_337384925 {\n  padding-top: 30px;\n  padding-bottom: 30px;\n}\n<\/style>\n\t<\/section>\n\t\n","protected":false},"excerpt":{"rendered":"","protected":false},"author":1,"featured_media":0,"parent":0,"menu_order":0,"comment_status":"closed","ping_status":"closed","template":"page-blank.php","meta":{"footnotes":""},"class_list":["post-653","page","type-page","status-publish","hentry"],"_links":{"self":[{"href":"https:\/\/sezinsezginozer.com\/de\/wp-json\/wp\/v2\/pages\/653","targetHints":{"allow":["GET"]}}],"collection":[{"href":"https:\/\/sezinsezginozer.com\/de\/wp-json\/wp\/v2\/pages"}],"about":[{"href":"https:\/\/sezinsezginozer.com\/de\/wp-json\/wp\/v2\/types\/page"}],"author":[{"embeddable":true,"href":"https:\/\/sezinsezginozer.com\/de\/wp-json\/wp\/v2\/users\/1"}],"replies":[{"embeddable":true,"href":"https:\/\/sezinsezginozer.com\/de\/wp-json\/wp\/v2\/comments?post=653"}],"version-history":[{"count":1,"href":"https:\/\/sezinsezginozer.com\/de\/wp-json\/wp\/v2\/pages\/653\/revisions"}],"predecessor-version":[{"id":656,"href":"https:\/\/sezinsezginozer.com\/de\/wp-json\/wp\/v2\/pages\/653\/revisions\/656"}],"wp:attachment":[{"href":"https:\/\/sezinsezginozer.com\/de\/wp-json\/wp\/v2\/media?parent=653"}],"curies":[{"name":"wp","href":"https:\/\/api.w.org\/{rel}","templated":true}]}}