{"id":658,"date":"2025-08-04T06:51:20","date_gmt":"2025-08-04T06:51:20","guid":{"rendered":"https:\/\/sezinsezginozer.com\/?page_id=658"},"modified":"2026-03-26T13:57:56","modified_gmt":"2026-03-26T13:57:56","slug":"about-me","status":"publish","type":"page","link":"https:\/\/sezinsezginozer.com\/en\/about-me\/","title":{"rendered":"About Me"},"content":{"rendered":"\n\t<section class=\"section\" id=\"section_1249530995\">\n\t\t<div class=\"section-bg fill\" >\n\t\t\t\t\t\t\t\t\t\n\t\t\t\n\n\t\t<\/div>\n\n\t\t\n\n\t\t<div class=\"section-content relative\">\n\t\t\t\n  <div id=\"page-header-788114635\" class=\"page-header-wrapper\">\n  <div class=\"page-title dark simple-title\">\n\n    \n    <div class=\"page-title-inner container align-center text-center flex-row-col medium-flex-wrap\" >\n              <div class=\"title-wrapper is-larger flex-col\">\n          <h1 class=\"entry-title mb-0\">\n            About Me          <\/h1>\n        <\/div>\n                    <div class=\"title-content flex-col\">\n        <div class=\"title-breadcrumbs pb-half pt-half\"><\/div>      <\/div>\n    <\/div>\n\n       <\/div>\n    <\/div>\n  \n\t\t<\/div>\n\n\t\t\n<style>\n#section_1249530995 {\n  padding-top: 30px;\n  padding-bottom: 30px;\n  background-color: #8a3648;\n}\n<\/style>\n\t<\/section>\n\t\n\n\t<section class=\"section\" id=\"section_1656347893\">\n\t\t<div class=\"section-bg fill\" >\n\t\t\t\t\t\t\t\t\t\n\t\t\t\n\n\t\t<\/div>\n\n\t\t\n\n\t\t<div class=\"section-content relative\">\n\t\t\t\n<div class=\"row\"  id=\"row-1902191315\">\n\n\t<div id=\"col-1349799853\" class=\"col medium-4 small-12 large-4\"  >\n\t\t\t\t<div class=\"col-inner\"  >\n\t\t\t\n\t\t\t\n<div class=\"text-center\"><div class=\"is-divider divider clearfix\" style=\"max-width:100px;height:1px;background-color:rgb(0, 0, 0);\"><\/div><\/div>\n\t<div class=\"img has-hover x md-x lg-x y md-y lg-y\" id=\"image_70861487\">\n\t\t\t\t\t\t\t\t<div class=\"img-inner dark\" >\n\t\t\t<img loading=\"lazy\" decoding=\"async\" width=\"684\" height=\"624\" src=\"https:\/\/sezinsezginozer.com\/wp-content\/uploads\/2025\/08\/sezginozer-hakkimda.webp\" class=\"attachment-2048x2048 size-2048x2048\" alt=\"\" srcset=\"https:\/\/sezinsezginozer.com\/wp-content\/uploads\/2025\/08\/sezginozer-hakkimda.webp 684w, https:\/\/sezinsezginozer.com\/wp-content\/uploads\/2025\/08\/sezginozer-hakkimda-438x400.webp 438w\" sizes=\"auto, (max-width: 684px) 100vw, 684px\" \/>\t\t\t\t\t\t\n\t\t\t\t\t<\/div>\n\t\t\t\t\t\t\t\t\n<style>\n#image_70861487 {\n  width: 100%;\n}\n<\/style>\n\t<\/div>\n\t\n\t\t<\/div>\n\t\t\t\t\t<\/div>\n\n\t\n\n\t<div id=\"col-1315474792\" class=\"col medium-8 small-12 large-8\"  >\n\t\t\t\t<div class=\"col-inner\"  >\n\t\t\t\n\t\t\t\n\t<div id=\"text-2569804979\" class=\"text\">\n\t\t\n<div><strong>Assoc. Prof. Dr. Sezin \u00d6zer<\/strong><\/div>\n\t\t\n<style>\n#text-2569804979 {\n  font-size: 2rem;\n}\n@media (min-width:550px) {\n  #text-2569804979 {\n    font-size: 3rem;\n  }\n}\n<\/style>\n\t<\/div>\n\t\n\t<div id=\"text-1990600912\" class=\"text\">\n\t\t\n<div>Pediatric Dentist<\/div>\n\t\t\n<style>\n#text-1990600912 {\n  font-size: 1.5rem;\n  color: #8a3648;\n}\n#text-1990600912 > * {\n  color: #8a3648;\n}\n<\/style>\n\t<\/div>\n\t\n<p><span style=\"font-weight: 400;\">Born in 1978, <\/span><b>Assoc. Prof. Dr. Sezin \u00d6zer<\/b><span style=\"font-weight: 400;\"> completed her secondary education at Samsun Bafra Anatolian High School and graduated from <\/span><b>Hacettepe University Faculty of Dentistry<\/b><span style=\"font-weight: 400;\"> between 1996 and 2001. After graduation, she began her <\/span><b>Ph.D. in the Department of Pediatric Dentistry (Pedodontics) at Ondokuz May\u0131s University Faculty of Dentistry<\/b><span style=\"font-weight: 400;\"> and received the title of <\/span><b>Doctor of Science and Specialist in Pediatric Dentistry in 2009<\/b><span style=\"font-weight: 400;\"> with her thesis titled \u201cEvaluation of the Cariogenic Effects of Infant Foods.\u201d<\/span><\/p>\n\t\t<\/div>\n\t\t\t\t\n<style>\n#col-1315474792 > .col-inner {\n  margin: 0px 0px 0px 0px;\n}\n<\/style>\n\t<\/div>\n\n\t\n\n\t<div id=\"col-1103442442\" class=\"col small-12 large-12\"  >\n\t\t\t\t<div class=\"col-inner\"  >\n\t\t\t\n\t\t\t\n<p><span style=\"font-weight: 400;\">Between 2009 and 2018, Dr. \u00d6zer worked as a <\/span><b>research assistant, lecturer, assistant professor, and associate professor<\/b><span style=\"font-weight: 400;\"> in the Department of Pediatric Dentistry at Ondokuz May\u0131s University Faculty of Dentistry. During this period, she published numerous national and international scientific studies focusing on dental caries in children, traumatic dental injuries, oral health, and nutrition.<\/span><\/p>\n<p><span style=\"font-weight: 400;\">In 2018, she paused her academic career to establish her own <\/span><b>Pediatric Dental Clinic<\/b><span style=\"font-weight: 400;\">, where she provided preventive, therapeutic, and behavior-guidance-based services for children. <\/span><b>As of 2024, she continues to see patients at Samsun Dental Prime Oral and Dental Health Clinic.<\/b><\/p>\n<p><span style=\"font-weight: 400;\">Dr. \u00d6zer bases her scientific approach on protecting children&#8217;s dental health at an early age, promoting habits for cavity prevention, and managing traumatic dental injuries. In her treatments, she always prioritizes a child-friendly environment and empathetic communication.<\/span><\/p>\n<h3><b>Scientific Work and Participation<\/b><\/h3>\n<p><span style=\"font-weight: 400;\">Dr. \u00d6zer\u2019s studies have been published in prestigious international journals such as <\/span><b>Eur J Dent<\/b><span style=\"font-weight: 400;\">, <\/span><b>Biomed Res Int<\/b><span style=\"font-weight: 400;\">, <\/span><b>Oral Health Prev Dent<\/b><span style=\"font-weight: 400;\">, and <\/span><b>J Esthet Restor Dent<\/b><span style=\"font-weight: 400;\">. She is also a member of the <\/span><b>Turkish Society of Pediatric Dentistry<\/b><span style=\"font-weight: 400;\"> and has presented papers at numerous <\/span><b>national and international congresses<\/b><span style=\"font-weight: 400;\"> (TDB, EAPD, FDI, WCDT).<\/span><\/p>\n<p><span style=\"font-weight: 400;\">Her main research topics include:<\/span><\/p>\n<ul>\n<li>Effects of infant nutrition on caries formation<\/li>\n<li>Relationship between body mass index and tooth development in children<\/li>\n<li>Long-term treatment outcomes after traumatic dental injuries<\/li>\n<li>Biocompatibility and durability of restorative materials<\/li>\n<li>Fissure sealant and fluoride applications<\/li>\n<li>Community oral health programs<\/li>\n<li>Early preventive orthodontic treatments<\/li>\n<\/ul>\n<p><span style=\"font-weight: 400;\">and preventive dentistry practices.<\/span><\/p>\n\t\t<\/div>\n\t\t\t\t\t<\/div>\n\n\t\n<\/div>\n\t\t<\/div>\n\n\t\t\n<style>\n#section_1656347893 {\n  padding-top: 30px;\n  padding-bottom: 30px;\n  background-color: rgb(242, 242, 242);\n}\n<\/style>\n\t<\/section>\n\t\n\n\t<section class=\"section\" id=\"section_1150796257\">\n\t\t<div class=\"section-bg fill\" >\n\t\t\t\t\t\t\t\t\t\n\t\t\t\n\t<div class=\"is-border\"\n\t\tstyle=\"border-color:rgb(138, 54, 72);border-width:3px 0px 3px 0px;\">\n\t<\/div>\n\n\t\t<\/div>\n\n\t\t\n\n\t\t<div class=\"section-content relative\">\n\t\t\t\n<div class=\"row align-center\"  id=\"row-1255015798\">\n\n\t<div id=\"col-362604575\" class=\"col small-12 large-12\"  >\n\t\t\t\t<div class=\"col-inner\"  >\n\t\t\t\n\t\t\t\n\t<div id=\"text-4146457882\" class=\"text\">\n\t\t\n<h2>Our Team<\/h2>\n\t\t\n<style>\n#text-4146457882 {\n  font-size: 2rem;\n  text-align: center;\n  color: rgb(0,0,0);\n}\n#text-4146457882 > * {\n  color: rgb(0,0,0);\n}\n<\/style>\n\t<\/div>\n\t\n\t<div class=\"img has-hover x md-x lg-x y md-y lg-y\" id=\"image_668692819\">\n\t\t\t\t\t\t\t\t<div class=\"img-inner dark\" >\n\t\t\t<img loading=\"lazy\" decoding=\"async\" width=\"1920\" height=\"971\" src=\"https:\/\/sezinsezginozer.com\/wp-content\/uploads\/2026\/03\/sezginozer-ekip-2026.webp\" class=\"attachment-2048x2048 size-2048x2048\" alt=\"\" srcset=\"https:\/\/sezinsezginozer.com\/wp-content\/uploads\/2026\/03\/sezginozer-ekip-2026.webp 1920w, https:\/\/sezinsezginozer.com\/wp-content\/uploads\/2026\/03\/sezginozer-ekip-2026-791x400.webp 791w, https:\/\/sezinsezginozer.com\/wp-content\/uploads\/2026\/03\/sezginozer-ekip-2026-1400x708.webp 1400w, https:\/\/sezinsezginozer.com\/wp-content\/uploads\/2026\/03\/sezginozer-ekip-2026-768x388.webp 768w, https:\/\/sezinsezginozer.com\/wp-content\/uploads\/2026\/03\/sezginozer-ekip-2026-1536x777.webp 1536w\" sizes=\"auto, (max-width: 1920px) 100vw, 1920px\" \/>\t\t\t\t\t\t\n\t\t\t\t\t<\/div>\n\t\t\t\t\t\t\t\t\n<style>\n#image_668692819 {\n  width: 100%;\n}\n<\/style>\n\t<\/div>\n\t\n\t\t<\/div>\n\t\t\t\t\t<\/div>\n\n\t\n\n\t<div id=\"col-620716424\" class=\"col hide-for-small medium-4 small-12 large-4\"  >\n\t\t\t\t<div class=\"col-inner\"  >\n\t\t\t\n\t\t\t\n\t<div class=\"box has-hover   has-hover box-text-bottom\" >\n\n\t\t<div class=\"box-image\" >\n\t\t\t\t\t\t<div class=\"\" >\n\t\t\t\t<img loading=\"lazy\" decoding=\"async\" width=\"1350\" height=\"1662\" src=\"https:\/\/sezinsezginozer.com\/wp-content\/uploads\/2026\/03\/Doc.-Dr.-Sezin-Ozer-.webp\" class=\"attachment-2048x2048 size-2048x2048\" alt=\"\" srcset=\"https:\/\/sezinsezginozer.com\/wp-content\/uploads\/2026\/03\/Doc.-Dr.-Sezin-Ozer-.webp 1350w, https:\/\/sezinsezginozer.com\/wp-content\/uploads\/2026\/03\/Doc.-Dr.-Sezin-Ozer--325x400.webp 325w, https:\/\/sezinsezginozer.com\/wp-content\/uploads\/2026\/03\/Doc.-Dr.-Sezin-Ozer--650x800.webp 650w, https:\/\/sezinsezginozer.com\/wp-content\/uploads\/2026\/03\/Doc.-Dr.-Sezin-Ozer--768x945.webp 768w, https:\/\/sezinsezginozer.com\/wp-content\/uploads\/2026\/03\/Doc.-Dr.-Sezin-Ozer--1248x1536.webp 1248w\" sizes=\"auto, (max-width: 1350px) 100vw, 1350px\" \/>\t\t\t\t\t\t\t\t\t\t\t<\/div>\n\t\t\t\t\t<\/div>\n\n\t\t<div class=\"box-text text-center\" >\n\t\t\t<div class=\"box-text-inner\">\n\t\t\t\t\n<h3>Assoc. Prof. Dr. Sezin \u00d6zer<\/h3>\n<p>Pediatric Dentist<\/p>\n\t\t\t<\/div>\n\t\t<\/div>\n\t<\/div>\n\t\n\t\t<\/div>\n\t\t\t\t\t<\/div>\n\n\t\n\n\t<div id=\"col-1652061047\" class=\"col hide-for-small medium-4 small-12 large-4\"  >\n\t\t\t\t<div class=\"col-inner\"  >\n\t\t\t\n\t\t\t\n\t<div class=\"box has-hover   has-hover box-text-bottom\" >\n\n\t\t<div class=\"box-image\" >\n\t\t\t\t\t\t<div class=\"\" >\n\t\t\t\t<img loading=\"lazy\" decoding=\"async\" width=\"1350\" height=\"1662\" src=\"https:\/\/sezinsezginozer.com\/wp-content\/uploads\/2026\/03\/Uzm.-Dt.-Sude-Yildirim-Bolat.webp\" class=\"attachment-2048x2048 size-2048x2048\" alt=\"\" srcset=\"https:\/\/sezinsezginozer.com\/wp-content\/uploads\/2026\/03\/Uzm.-Dt.-Sude-Yildirim-Bolat.webp 1350w, https:\/\/sezinsezginozer.com\/wp-content\/uploads\/2026\/03\/Uzm.-Dt.-Sude-Yildirim-Bolat-325x400.webp 325w, https:\/\/sezinsezginozer.com\/wp-content\/uploads\/2026\/03\/Uzm.-Dt.-Sude-Yildirim-Bolat-650x800.webp 650w, https:\/\/sezinsezginozer.com\/wp-content\/uploads\/2026\/03\/Uzm.-Dt.-Sude-Yildirim-Bolat-768x945.webp 768w, https:\/\/sezinsezginozer.com\/wp-content\/uploads\/2026\/03\/Uzm.-Dt.-Sude-Yildirim-Bolat-1248x1536.webp 1248w\" sizes=\"auto, (max-width: 1350px) 100vw, 1350px\" \/>\t\t\t\t\t\t\t\t\t\t\t<\/div>\n\t\t\t\t\t<\/div>\n\n\t\t<div class=\"box-text text-center\" >\n\t\t\t<div class=\"box-text-inner\">\n\t\t\t\t\n<h3>Specialist Dentist Sude Y\u0131ld\u0131r\u0131m Bolat<\/h3>\n<p>Specialist in Periodontal Diseases and Surgery<\/p>\n\t\t\t<\/div>\n\t\t<\/div>\n\t<\/div>\n\t\n\t\t<\/div>\n\t\t\t\t\t<\/div>\n\n\t\n\n\t<div id=\"col-344524376\" class=\"col hide-for-small medium-4 small-12 large-4\"  >\n\t\t\t\t<div class=\"col-inner\"  >\n\t\t\t\n\t\t\t\n\t<div class=\"box has-hover   has-hover box-text-bottom\" >\n\n\t\t<div class=\"box-image\" >\n\t\t\t\t\t\t<div class=\"\" >\n\t\t\t\t<img loading=\"lazy\" decoding=\"async\" width=\"1350\" height=\"1662\" src=\"https:\/\/sezinsezginozer.com\/wp-content\/uploads\/2026\/03\/Uzm.-Dt.-Gokcan-Ertas.webp\" class=\"attachment-2048x2048 size-2048x2048\" alt=\"\" srcset=\"https:\/\/sezinsezginozer.com\/wp-content\/uploads\/2026\/03\/Uzm.-Dt.-Gokcan-Ertas.webp 1350w, https:\/\/sezinsezginozer.com\/wp-content\/uploads\/2026\/03\/Uzm.-Dt.-Gokcan-Ertas-325x400.webp 325w, https:\/\/sezinsezginozer.com\/wp-content\/uploads\/2026\/03\/Uzm.-Dt.-Gokcan-Ertas-650x800.webp 650w, https:\/\/sezinsezginozer.com\/wp-content\/uploads\/2026\/03\/Uzm.-Dt.-Gokcan-Ertas-768x945.webp 768w, https:\/\/sezinsezginozer.com\/wp-content\/uploads\/2026\/03\/Uzm.-Dt.-Gokcan-Ertas-1248x1536.webp 1248w\" sizes=\"auto, (max-width: 1350px) 100vw, 1350px\" \/>\t\t\t\t\t\t\t\t\t\t\t<\/div>\n\t\t\t\t\t<\/div>\n\n\t\t<div class=\"box-text text-center\" >\n\t\t\t<div class=\"box-text-inner\">\n\t\t\t\t\n<h3>Specialist Dentist G\u00f6kcan Erta\u015f<\/h3>\n<p>Orthodontist<\/p>\n\t\t\t<\/div>\n\t\t<\/div>\n\t<\/div>\n\t\n\t\t<\/div>\n\t\t\t\t\t<\/div>\n\n\t\n\n\t<div id=\"col-308777433\" class=\"col hide-for-small medium-4 small-12 large-4\"  >\n\t\t\t\t<div class=\"col-inner\"  >\n\t\t\t\n\t\t\t\n\t<div class=\"box has-hover   has-hover box-text-bottom\" >\n\n\t\t<div class=\"box-image\" >\n\t\t\t\t\t\t<div class=\"\" >\n\t\t\t\t<img loading=\"lazy\" decoding=\"async\" width=\"1350\" height=\"1662\" src=\"https:\/\/sezinsezginozer.com\/wp-content\/uploads\/2026\/03\/Uzm.-Dt.-Sena-Kirca.webp\" class=\"attachment-2048x2048 size-2048x2048\" alt=\"\" srcset=\"https:\/\/sezinsezginozer.com\/wp-content\/uploads\/2026\/03\/Uzm.-Dt.-Sena-Kirca.webp 1350w, https:\/\/sezinsezginozer.com\/wp-content\/uploads\/2026\/03\/Uzm.-Dt.-Sena-Kirca-325x400.webp 325w, https:\/\/sezinsezginozer.com\/wp-content\/uploads\/2026\/03\/Uzm.-Dt.-Sena-Kirca-650x800.webp 650w, https:\/\/sezinsezginozer.com\/wp-content\/uploads\/2026\/03\/Uzm.-Dt.-Sena-Kirca-768x945.webp 768w, https:\/\/sezinsezginozer.com\/wp-content\/uploads\/2026\/03\/Uzm.-Dt.-Sena-Kirca-1248x1536.webp 1248w\" sizes=\"auto, (max-width: 1350px) 100vw, 1350px\" \/>\t\t\t\t\t\t\t\t\t\t\t<\/div>\n\t\t\t\t\t<\/div>\n\n\t\t<div class=\"box-text text-center\" >\n\t\t\t<div class=\"box-text-inner\">\n\t\t\t\t\n<h3>Dentist Sena K\u0131rca<\/h3>\n<p>Dentist<\/p>\n\t\t\t<\/div>\n\t\t<\/div>\n\t<\/div>\n\t\n\t\t<\/div>\n\t\t\t\t\t<\/div>\n\n\t\n\n\t<div id=\"col-754038243\" class=\"col hide-for-small medium-4 small-12 large-4\"  >\n\t\t\t\t<div class=\"col-inner\"  >\n\t\t\t\n\t\t\t\n\t<div class=\"box has-hover   has-hover box-text-bottom\" >\n\n\t\t<div class=\"box-image\" >\n\t\t\t\t\t\t<div class=\"\" >\n\t\t\t\t<img loading=\"lazy\" decoding=\"async\" width=\"1350\" height=\"1662\" src=\"https:\/\/sezinsezginozer.com\/wp-content\/uploads\/2026\/03\/Dt.-Sevinc-Cansu-Kayiran.webp\" class=\"attachment-2048x2048 size-2048x2048\" alt=\"\" srcset=\"https:\/\/sezinsezginozer.com\/wp-content\/uploads\/2026\/03\/Dt.-Sevinc-Cansu-Kayiran.webp 1350w, https:\/\/sezinsezginozer.com\/wp-content\/uploads\/2026\/03\/Dt.-Sevinc-Cansu-Kayiran-325x400.webp 325w, https:\/\/sezinsezginozer.com\/wp-content\/uploads\/2026\/03\/Dt.-Sevinc-Cansu-Kayiran-650x800.webp 650w, https:\/\/sezinsezginozer.com\/wp-content\/uploads\/2026\/03\/Dt.-Sevinc-Cansu-Kayiran-768x945.webp 768w, https:\/\/sezinsezginozer.com\/wp-content\/uploads\/2026\/03\/Dt.-Sevinc-Cansu-Kayiran-1248x1536.webp 1248w\" sizes=\"auto, (max-width: 1350px) 100vw, 1350px\" \/>\t\t\t\t\t\t\t\t\t\t\t<\/div>\n\t\t\t\t\t<\/div>\n\n\t\t<div class=\"box-text text-center\" >\n\t\t\t<div class=\"box-text-inner\">\n\t\t\t\t\n<h3>Dentist Sevin\u00e7 Cansu Kay\u0131ran<\/h3>\n<p>Dentist<\/p>\n\t\t\t<\/div>\n\t\t<\/div>\n\t<\/div>\n\t\n\t\t<\/div>\n\t\t\t\t\t<\/div>\n\n\t\n\n\t<div id=\"col-463969130\" class=\"col show-for-small small-12 large-12\"  >\n\t\t\t\t<div class=\"col-inner\"  >\n\t\t\t\n\t\t\t\n<div class=\"slider-wrapper relative\" id=\"slider-1529603411\" >\n    <div class=\"slider slider-nav-circle slider-nav-large slider-nav-dark slider-style-normal\"\n        data-flickity-options='{\n            \"cellAlign\": \"center\",\n            \"imagesLoaded\": true,\n            \"lazyLoad\": 1,\n            \"freeScroll\": false,\n            \"wrapAround\": true,\n            \"autoPlay\": 6000,\n            \"pauseAutoPlayOnHover\" : true,\n            \"prevNextButtons\": true,\n            \"contain\" : true,\n            \"adaptiveHeight\" : true,\n            \"dragThreshold\" : 10,\n            \"percentPosition\": true,\n            \"pageDots\": true,\n            \"rightToLeft\": false,\n            \"draggable\": true,\n            \"selectedAttraction\": 0.1,\n            \"parallax\" : 0,\n            \"friction\": 0.6        }'\n        >\n        \n\n\t<section class=\"section\" id=\"section_1902921958\">\n\t\t<div class=\"section-bg fill\" >\n\t\t\t\t\t\t\t\t\t\n\t\t\t\n\n\t\t<\/div>\n\n\t\t\n\n\t\t<div class=\"section-content relative\">\n\t\t\t\n<div class=\"row\"  id=\"row-1858832979\">\n\n\t<div id=\"col-778086333\" class=\"col large-12\"  >\n\t\t\t\t<div class=\"col-inner\"  >\n\t\t\t\n\t\t\t\n\t<div class=\"box has-hover   has-hover box-text-bottom\" >\n\n\t\t<div class=\"box-image\" >\n\t\t\t\t\t\t<div class=\"\" >\n\t\t\t\t<img loading=\"lazy\" decoding=\"async\" width=\"1350\" height=\"1662\" src=\"https:\/\/sezinsezginozer.com\/wp-content\/uploads\/2026\/03\/Doc.-Dr.-Sezin-Ozer-.webp\" class=\"attachment-2048x2048 size-2048x2048\" alt=\"\" srcset=\"https:\/\/sezinsezginozer.com\/wp-content\/uploads\/2026\/03\/Doc.-Dr.-Sezin-Ozer-.webp 1350w, https:\/\/sezinsezginozer.com\/wp-content\/uploads\/2026\/03\/Doc.-Dr.-Sezin-Ozer--325x400.webp 325w, https:\/\/sezinsezginozer.com\/wp-content\/uploads\/2026\/03\/Doc.-Dr.-Sezin-Ozer--650x800.webp 650w, https:\/\/sezinsezginozer.com\/wp-content\/uploads\/2026\/03\/Doc.-Dr.-Sezin-Ozer--768x945.webp 768w, https:\/\/sezinsezginozer.com\/wp-content\/uploads\/2026\/03\/Doc.-Dr.-Sezin-Ozer--1248x1536.webp 1248w\" sizes=\"auto, (max-width: 1350px) 100vw, 1350px\" \/>\t\t\t\t\t\t\t\t\t\t\t<\/div>\n\t\t\t\t\t<\/div>\n\n\t\t<div class=\"box-text text-center\" >\n\t\t\t<div class=\"box-text-inner\">\n\t\t\t\t\n<h3>Assoc. Prof. Dr. Sezin \u00d6zer<\/h3>\n<p>Pediatric Dentist<\/p>\n\t\t\t<\/div>\n\t\t<\/div>\n\t<\/div>\n\t\n\t\t<\/div>\n\t\t\t\t\t<\/div>\n\n\t\n<\/div>\n\t\t<\/div>\n\n\t\t\n<style>\n#section_1902921958 {\n  padding-top: 30px;\n  padding-bottom: 30px;\n}\n<\/style>\n\t<\/section>\n\t\n\n\t<section class=\"section\" id=\"section_1617461017\">\n\t\t<div class=\"section-bg fill\" >\n\t\t\t\t\t\t\t\t\t\n\t\t\t\n\n\t\t<\/div>\n\n\t\t\n\n\t\t<div class=\"section-content relative\">\n\t\t\t\n<div class=\"row\"  id=\"row-930126031\">\n\n\t<div id=\"col-1057674481\" class=\"col large-12\"  >\n\t\t\t\t<div class=\"col-inner\"  >\n\t\t\t\n\t\t\t\n\t<div class=\"box has-hover   has-hover box-text-bottom\" >\n\n\t\t<div class=\"box-image\" >\n\t\t\t\t\t\t<div class=\"\" >\n\t\t\t\t<img loading=\"lazy\" decoding=\"async\" width=\"1350\" height=\"1662\" src=\"https:\/\/sezinsezginozer.com\/wp-content\/uploads\/2026\/03\/Uzm.-Dt.-Sude-Yildirim-Bolat.webp\" class=\"attachment-2048x2048 size-2048x2048\" alt=\"\" srcset=\"https:\/\/sezinsezginozer.com\/wp-content\/uploads\/2026\/03\/Uzm.-Dt.-Sude-Yildirim-Bolat.webp 1350w, https:\/\/sezinsezginozer.com\/wp-content\/uploads\/2026\/03\/Uzm.-Dt.-Sude-Yildirim-Bolat-325x400.webp 325w, https:\/\/sezinsezginozer.com\/wp-content\/uploads\/2026\/03\/Uzm.-Dt.-Sude-Yildirim-Bolat-650x800.webp 650w, https:\/\/sezinsezginozer.com\/wp-content\/uploads\/2026\/03\/Uzm.-Dt.-Sude-Yildirim-Bolat-768x945.webp 768w, https:\/\/sezinsezginozer.com\/wp-content\/uploads\/2026\/03\/Uzm.-Dt.-Sude-Yildirim-Bolat-1248x1536.webp 1248w\" sizes=\"auto, (max-width: 1350px) 100vw, 1350px\" \/>\t\t\t\t\t\t\t\t\t\t\t<\/div>\n\t\t\t\t\t<\/div>\n\n\t\t<div class=\"box-text text-center\" >\n\t\t\t<div class=\"box-text-inner\">\n\t\t\t\t\n<h3>Specialist Dentist Sude Y\u0131ld\u0131r\u0131m Bolat<\/h3>\n<p>Specialist in Periodontal Diseases and Surgery<\/p>\n\t\t\t<\/div>\n\t\t<\/div>\n\t<\/div>\n\t\n\t\t<\/div>\n\t\t\t\t\t<\/div>\n\n\t\n<\/div>\n\t\t<\/div>\n\n\t\t\n<style>\n#section_1617461017 {\n  padding-top: 30px;\n  padding-bottom: 30px;\n}\n<\/style>\n\t<\/section>\n\t\n\n\t<section class=\"section\" id=\"section_642778674\">\n\t\t<div class=\"section-bg fill\" >\n\t\t\t\t\t\t\t\t\t\n\t\t\t\n\n\t\t<\/div>\n\n\t\t\n\n\t\t<div class=\"section-content relative\">\n\t\t\t\n<div class=\"row\"  id=\"row-176567300\">\n\n\t<div id=\"col-865894772\" class=\"col large-12\"  >\n\t\t\t\t<div class=\"col-inner\"  >\n\t\t\t\n\t\t\t\n\t<div class=\"box has-hover   has-hover box-text-bottom\" >\n\n\t\t<div class=\"box-image\" >\n\t\t\t\t\t\t<div class=\"\" >\n\t\t\t\t<img loading=\"lazy\" decoding=\"async\" width=\"1350\" height=\"1662\" src=\"https:\/\/sezinsezginozer.com\/wp-content\/uploads\/2026\/03\/Uzm.-Dt.-Gokcan-Ertas.webp\" class=\"attachment-2048x2048 size-2048x2048\" alt=\"\" srcset=\"https:\/\/sezinsezginozer.com\/wp-content\/uploads\/2026\/03\/Uzm.-Dt.-Gokcan-Ertas.webp 1350w, https:\/\/sezinsezginozer.com\/wp-content\/uploads\/2026\/03\/Uzm.-Dt.-Gokcan-Ertas-325x400.webp 325w, https:\/\/sezinsezginozer.com\/wp-content\/uploads\/2026\/03\/Uzm.-Dt.-Gokcan-Ertas-650x800.webp 650w, https:\/\/sezinsezginozer.com\/wp-content\/uploads\/2026\/03\/Uzm.-Dt.-Gokcan-Ertas-768x945.webp 768w, https:\/\/sezinsezginozer.com\/wp-content\/uploads\/2026\/03\/Uzm.-Dt.-Gokcan-Ertas-1248x1536.webp 1248w\" sizes=\"auto, (max-width: 1350px) 100vw, 1350px\" \/>\t\t\t\t\t\t\t\t\t\t\t<\/div>\n\t\t\t\t\t<\/div>\n\n\t\t<div class=\"box-text text-center\" >\n\t\t\t<div class=\"box-text-inner\">\n\t\t\t\t\n<h3>Specialist Dentist G\u00f6kcan Erta\u015f<\/h3>\n<p>Orthodontist<\/p>\n\t\t\t<\/div>\n\t\t<\/div>\n\t<\/div>\n\t\n\t\t<\/div>\n\t\t\t\t\t<\/div>\n\n\t\n<\/div>\n\t\t<\/div>\n\n\t\t\n<style>\n#section_642778674 {\n  padding-top: 30px;\n  padding-bottom: 30px;\n}\n<\/style>\n\t<\/section>\n\t\n\n\t<section class=\"section\" id=\"section_1805710797\">\n\t\t<div class=\"section-bg fill\" >\n\t\t\t\t\t\t\t\t\t\n\t\t\t\n\n\t\t<\/div>\n\n\t\t\n\n\t\t<div class=\"section-content relative\">\n\t\t\t\n<div class=\"row\"  id=\"row-1400067873\">\n\n\t<div id=\"col-1213114857\" class=\"col large-12\"  >\n\t\t\t\t<div class=\"col-inner\"  >\n\t\t\t\n\t\t\t\n\t<div class=\"box has-hover   has-hover box-text-bottom\" >\n\n\t\t<div class=\"box-image\" >\n\t\t\t\t\t\t<div class=\"\" >\n\t\t\t\t<img loading=\"lazy\" decoding=\"async\" width=\"1350\" height=\"1662\" src=\"https:\/\/sezinsezginozer.com\/wp-content\/uploads\/2026\/03\/Uzm.-Dt.-Sena-Kirca.webp\" class=\"attachment-2048x2048 size-2048x2048\" alt=\"\" srcset=\"https:\/\/sezinsezginozer.com\/wp-content\/uploads\/2026\/03\/Uzm.-Dt.-Sena-Kirca.webp 1350w, https:\/\/sezinsezginozer.com\/wp-content\/uploads\/2026\/03\/Uzm.-Dt.-Sena-Kirca-325x400.webp 325w, https:\/\/sezinsezginozer.com\/wp-content\/uploads\/2026\/03\/Uzm.-Dt.-Sena-Kirca-650x800.webp 650w, https:\/\/sezinsezginozer.com\/wp-content\/uploads\/2026\/03\/Uzm.-Dt.-Sena-Kirca-768x945.webp 768w, https:\/\/sezinsezginozer.com\/wp-content\/uploads\/2026\/03\/Uzm.-Dt.-Sena-Kirca-1248x1536.webp 1248w\" sizes=\"auto, (max-width: 1350px) 100vw, 1350px\" \/>\t\t\t\t\t\t\t\t\t\t\t<\/div>\n\t\t\t\t\t<\/div>\n\n\t\t<div class=\"box-text text-center\" >\n\t\t\t<div class=\"box-text-inner\">\n\t\t\t\t\n<h3>Dentist Sena K\u0131rca<\/h3>\n<p>Dentist<\/p>\n\t\t\t<\/div>\n\t\t<\/div>\n\t<\/div>\n\t\n\t\t<\/div>\n\t\t\t\t\t<\/div>\n\n\t\n<\/div>\n\t\t<\/div>\n\n\t\t\n<style>\n#section_1805710797 {\n  padding-top: 30px;\n  padding-bottom: 30px;\n}\n<\/style>\n\t<\/section>\n\t\n\n\t<section class=\"section\" id=\"section_1642361612\">\n\t\t<div class=\"section-bg fill\" >\n\t\t\t\t\t\t\t\t\t\n\t\t\t\n\n\t\t<\/div>\n\n\t\t\n\n\t\t<div class=\"section-content relative\">\n\t\t\t\n<div class=\"row\"  id=\"row-1332438239\">\n\n\t<div id=\"col-172516985\" class=\"col large-12\"  >\n\t\t\t\t<div class=\"col-inner\"  >\n\t\t\t\n\t\t\t\n\t<div class=\"box has-hover   has-hover box-text-bottom\" >\n\n\t\t<div class=\"box-image\" >\n\t\t\t\t\t\t<div class=\"\" >\n\t\t\t\t<img loading=\"lazy\" decoding=\"async\" width=\"1350\" height=\"1662\" src=\"https:\/\/sezinsezginozer.com\/wp-content\/uploads\/2026\/03\/Dt.-Sevinc-Cansu-Kayiran.webp\" class=\"attachment-2048x2048 size-2048x2048\" alt=\"\" srcset=\"https:\/\/sezinsezginozer.com\/wp-content\/uploads\/2026\/03\/Dt.-Sevinc-Cansu-Kayiran.webp 1350w, https:\/\/sezinsezginozer.com\/wp-content\/uploads\/2026\/03\/Dt.-Sevinc-Cansu-Kayiran-325x400.webp 325w, https:\/\/sezinsezginozer.com\/wp-content\/uploads\/2026\/03\/Dt.-Sevinc-Cansu-Kayiran-650x800.webp 650w, https:\/\/sezinsezginozer.com\/wp-content\/uploads\/2026\/03\/Dt.-Sevinc-Cansu-Kayiran-768x945.webp 768w, https:\/\/sezinsezginozer.com\/wp-content\/uploads\/2026\/03\/Dt.-Sevinc-Cansu-Kayiran-1248x1536.webp 1248w\" sizes=\"auto, (max-width: 1350px) 100vw, 1350px\" \/>\t\t\t\t\t\t\t\t\t\t\t<\/div>\n\t\t\t\t\t<\/div>\n\n\t\t<div class=\"box-text text-center\" >\n\t\t\t<div class=\"box-text-inner\">\n\t\t\t\t\n<h3>Dentist Sevin\u00e7 Cansu Kay\u0131ran<\/h3>\n<p>Dentist<\/p>\n\t\t\t<\/div>\n\t\t<\/div>\n\t<\/div>\n\t\n\t\t<\/div>\n\t\t\t\t\t<\/div>\n\n\t\n<\/div>\n\t\t<\/div>\n\n\t\t\n<style>\n#section_1642361612 {\n  padding-top: 30px;\n  padding-bottom: 30px;\n}\n<\/style>\n\t<\/section>\n\t\n     <\/div>\n\n     <div class=\"loading-spin dark large centered\"><\/div>\n\n\t\n<style>\n#slider-1529603411 .flickity-slider > * {\n  max-width: 350px!important;\n}\n@media (min-width:550px) {\n  #slider-1529603411 .flickity-slider > * {\n    max-width: 250px!important;\n  }\n}\n<\/style>\n<\/div>\n\n\n\t\t<\/div>\n\t\t\t\t\t<\/div>\n\n\t\n<\/div>\n\t\t<\/div>\n\n\t\t\n<style>\n#section_1150796257 {\n  padding-top: 30px;\n  padding-bottom: 30px;\n  background-color: rgb(242, 242, 242);\n}\n<\/style>\n\t<\/section>\n\t\n","protected":false},"excerpt":{"rendered":"","protected":false},"author":1,"featured_media":0,"parent":0,"menu_order":0,"comment_status":"closed","ping_status":"closed","template":"page-blank.php","meta":{"footnotes":""},"class_list":["post-658","page","type-page","status-publish","hentry"],"_links":{"self":[{"href":"https:\/\/sezinsezginozer.com\/en\/wp-json\/wp\/v2\/pages\/658","targetHints":{"allow":["GET"]}}],"collection":[{"href":"https:\/\/sezinsezginozer.com\/en\/wp-json\/wp\/v2\/pages"}],"about":[{"href":"https:\/\/sezinsezginozer.com\/en\/wp-json\/wp\/v2\/types\/page"}],"author":[{"embeddable":true,"href":"https:\/\/sezinsezginozer.com\/en\/wp-json\/wp\/v2\/users\/1"}],"replies":[{"embeddable":true,"href":"https:\/\/sezinsezginozer.com\/en\/wp-json\/wp\/v2\/comments?post=658"}],"version-history":[{"count":6,"href":"https:\/\/sezinsezginozer.com\/en\/wp-json\/wp\/v2\/pages\/658\/revisions"}],"predecessor-version":[{"id":898,"href":"https:\/\/sezinsezginozer.com\/en\/wp-json\/wp\/v2\/pages\/658\/revisions\/898"}],"wp:attachment":[{"href":"https:\/\/sezinsezginozer.com\/en\/wp-json\/wp\/v2\/media?parent=658"}],"curies":[{"name":"wp","href":"https:\/\/api.w.org\/{rel}","templated":true}]}}